{"id":1826,"date":"2025-06-29T20:07:55","date_gmt":"2025-06-29T20:07:55","guid":{"rendered":"https:\/\/sotiscare.com\/?page_id=1826"},"modified":"2025-06-29T20:07:55","modified_gmt":"2025-06-29T20:07:55","slug":"kwaliteit","status":"publish","type":"page","link":"https:\/\/sotiscare.com\/index.php\/kwaliteit\/","title":{"rendered":"Kwaliteit en Verbetering"},"content":{"rendered":"<div class=\"wpb-content-wrapper\"><p>[vc_row][vc_column][vc_column_text]<strong>Onze visie op kwaliteit, goede veilige zorg<\/strong><\/p>\n<p>Onder kwaliteit verstaan we het leveren van goede en veilige zorg die is afgestemd op de re\u00eble behoefte van de cli\u00ebnt en op professionele wijze wordt geleverd. Kwaliteit van zorg bevat niet alleen sec de zorgverlening, maar alle activiteiten die zijn gericht op het welbevinden en welzijn van onze cli\u00ebnten en haar omgeving. Sotis Care hecht veel waarde aan het leren en verbeteren van de kwaliteit.<\/p>\n<p>De wens om elke dag te leren en het verbeteren zit in de striemen van de organi\u00adsatie, waar elke medewerker elke dag stil staat bij de vraag hoe het werk net een beetje beter kan voor de cli\u00ebnt. Onze ambitie is het cre\u00ebren van een gezamenlijke verbetercyclus dichtbij de werkvloer waarin op gestructureerde wijze continu aan verbetering en het leren daarvan wordt gewerkt. De focus ligt hierbij op wat de cli\u00ebnt belangrijk vindt en hoe wij hierbij kunnen aanpassen.<\/p>\n<p>Daarnaast waarborgen en verbeteren we de kwaliteit van onze zorg voortdurend door gebruik te maken van een Kwaliteit Management Systeem (KMS).<\/p>\n<p><strong>Onze visie op kwaliteit:<\/strong><\/p>\n<p>Bij Soti\u2019s Care defini\u00ebren wij de kwaliteit op de volgende aandachtsgebieden:<\/p>\n<ol>\n<li><strong>Kwaliteit ontstaat in eerste instantie in de relatie tussen de cli\u00ebnt en de medewerker van Sotis\u2019s Care. <\/strong><\/li>\n<\/ol>\n<p>Het streven binnen ons beleid is om de beste kwaliteit van zorg te leveren samen als team voor en bij onze cli\u00ebnten. Samenbrengen we de kwaliteit van het leven bij ons cli\u00ebnten zo hoog mogelijk.<\/p>\n<ol start=\"2\">\n<li><strong>We analyseren de kwaliteit van zorg en leren op drie niveaus:<\/strong><\/li>\n<\/ol>\n<ul>\n<li>Klantgroep<\/li>\n<li>Teamniveau: analyseren vanuit de praktijk gericht op de individuele cli\u00ebnten;<\/li>\n<li>Organisatieniveau: visie, kwaliteitsbeleid, afspraken en procesvereenvoudiging.<\/li>\n<\/ul>\n<ol start=\"3\">\n<li><strong>Visie op leren: medewerkers die leren en ontwikkelen leveren betere zorg.<\/strong><\/li>\n<\/ol>\n<p>Soti\u2019s Care are legt de nadruk op medewerkers die continu leren en ontwikkelen in plaats van het uitvoeren van gedetailleerde voorschriften. Uitgangspunt daarbij is dat teams kunnen verantwoorden waar ze mee bezig zijn.<\/p>\n<ol start=\"4\">\n<li><strong>Kwaliteit Management Systeem (KMS) en kwaliteitsaspecten \u00a0<\/strong><\/li>\n<\/ol>\n<p>Soti\u2019s Care werkt met een Kwaliteit Management Systeem. Dit betekent dat we de zorg en alle werkzaamheden doorlopend toetsen aan de hand van een tiental kwaliteitsaspecten. Zo kunnen we garanderen dat er een geschikte en correcte zorg wordt geborgd.\u00a0 Soti\u2019s Care besteedt veel aandacht aan de werving en selectie van een goed personeel, ook het opstellen van een gedegen scholingsplan.<\/p>\n<p>Daarnaast borgen we de doeltreffendheid, doelmatigheid en gelijkwaardigheid van onze zorg door middel van samenwerkingen met externe specialisten en zorginstellingen en een adequate beschrijving van onze primaire processen. De veiligheid en lichamelijke, geestelijke en maatschappelijke integriteit van onze cli\u00ebnten besteden wij aandacht naar en cre\u00ebert te mogelijkheid bij onze cli\u00ebnten om actief betrokken te voelen bij het waarborgen van de kwaliteit, bijvoorbeeld door gewoon bij hen langs te gaan en te vragen hoe het gaat.<\/p>\n<p>Het KMS wordt jaarlijks gecontroleerd waar alle benodigde partners procesmatig betrokken worden.[\/vc_column_text][\/vc_column][\/vc_row]<\/p>\n<\/div>","protected":false},"excerpt":{"rendered":"<p>[vc_row][vc_column][vc_column_text]Onze visie op kwaliteit, goede veilige zorg Onder kwaliteit verstaan we het leveren van goede en veilige zorg die is afgestemd op de re\u00eble behoefte van de cli\u00ebnt en op professionele wijze wordt geleverd. Kwaliteit van zorg bevat niet alleen sec de zorgverlening, maar alle activiteiten die zijn gericht op het welbevinden en welzijn van [&hellip;]<\/p>\n","protected":false},"author":1,"featured_media":0,"parent":0,"menu_order":0,"comment_status":"closed","ping_status":"closed","template":"","meta":{"footnotes":""},"class_list":["post-1826","page","type-page","status-publish","hentry"],"_links":{"self":[{"href":"https:\/\/sotiscare.com\/index.php\/wp-json\/wp\/v2\/pages\/1826","targetHints":{"allow":["GET"]}}],"collection":[{"href":"https:\/\/sotiscare.com\/index.php\/wp-json\/wp\/v2\/pages"}],"about":[{"href":"https:\/\/sotiscare.com\/index.php\/wp-json\/wp\/v2\/types\/page"}],"author":[{"embeddable":true,"href":"https:\/\/sotiscare.com\/index.php\/wp-json\/wp\/v2\/users\/1"}],"replies":[{"embeddable":true,"href":"https:\/\/sotiscare.com\/index.php\/wp-json\/wp\/v2\/comments?post=1826"}],"version-history":[{"count":8,"href":"https:\/\/sotiscare.com\/index.php\/wp-json\/wp\/v2\/pages\/1826\/revisions"}],"predecessor-version":[{"id":1968,"href":"https:\/\/sotiscare.com\/index.php\/wp-json\/wp\/v2\/pages\/1826\/revisions\/1968"}],"wp:attachment":[{"href":"https:\/\/sotiscare.com\/index.php\/wp-json\/wp\/v2\/media?parent=1826"}],"curies":[{"name":"wp","href":"https:\/\/api.w.org\/{rel}","templated":true}]}}